{"id":2,"date":"2011-10-24T06:34:03","date_gmt":"2011-10-24T06:34:03","guid":{"rendered":"http:\/\/megee.nu\/\/?page_id=2"},"modified":"2025-08-25T09:58:16","modified_gmt":"2025-08-25T09:58:16","slug":"sample-page","status":"publish","type":"page","link":"https:\/\/megee.nu\/","title":{"rendered":"Presentation"},"content":{"rendered":"<p><strong>V\u00e4lkommen till <\/strong><strong>Bildkonstn\u00e4r \u00a0<\/strong><strong>MEG ERSBACKEN &#8211; ENGMAN<\/strong><\/p>\n<p><a href=\"https:\/\/megee.nu\/wp-content\/uploads\/2018\/11\/IMG_2626.jpg\"><img decoding=\"async\" loading=\"lazy\" class=\"alignright size-medium wp-image-845\" src=\"https:\/\/megee.nu\/wp-content\/uploads\/2018\/11\/IMG_2626-223x300.jpg\" alt=\"\" width=\"223\" height=\"300\" srcset=\"https:\/\/megee.nu\/wp-content\/uploads\/2018\/11\/IMG_2626-223x300.jpg 223w, https:\/\/megee.nu\/wp-content\/uploads\/2018\/11\/IMG_2626-768x1033.jpg 768w, https:\/\/megee.nu\/wp-content\/uploads\/2018\/11\/IMG_2626-761x1024.jpg 761w, https:\/\/megee.nu\/wp-content\/uploads\/2018\/11\/IMG_2626.jpg 1456w\" sizes=\"(max-width: 223px) 100vw, 223px\" \/><\/a><\/p>\n<p><strong>\u00a0 Lilla Dicka 16, \u00a0774 97 Fors \u00a0<\/strong><\/p>\n<p><strong> \u00a0 \u00a0070 &#8211; 323 9834 \u00a0 \u00a0 \u00a0 \u00a0 \u00a0<\/strong><\/p>\n<p><strong><a href=\"mailto:megersbacken@gmail.com\">megersbacken@gmail.com \u00a0 \u00a0<\/a> <\/strong><\/p>\n<p>Jag har arbetat som bildkonstn\u00e4r hela livet. Slutade Konstfack 1979.<\/p>\n<p>D\u00e5 flyttade jag hem till barndomsbyn i s\u00f6dra dalarna. Fick k\u00f6pa min farmors hus, granne med mitt f\u00f6r\u00e4ldrahem.<br \/>\nGifte mej och tv\u00e5 barn gjorde entre i t\u00e4t f\u00f6ljd. 1982 hade jag min f\u00f6rsta utst\u00e4llning i Norberg o sen fortsatte det med utst\u00e4llningar som deadlines.<\/p>\n<p>Har alltid arbetat med batikbilder och det blev mitt signum. Stora bilder \u2013 motiven h\u00e4mtade fr\u00e5n Gotland o \u00d6land. Jag utvecklade batiktekniken till ett eget uttryck. Upp till 40 bad p\u00e5 varje bild, tre till fyra urkok, varje f\u00e4rgskala f\u00f6r sej&#8230;.<br \/>\nEftersom jag g\u00e5tt en hantverks-designutbildning \u2013 s\u00e5 blev teknik o uttryck viktigt. Jag lyckades f\u00e5 fram ett koncept med bilder som jag kunde leva av och p\u00e5, men med otroligt mycket jobb eftersom jag g\u00f6r allting sj\u00e4lv. Ramning o montering tycker jag \u00e4r en stor del av en bild o jag har d\u00e4rf\u00f6r lagt stor, egen vikt vid detta.<br \/>\n1989 kunde jag satsa o bygga en stor atelj\u00e9 och en specialbyggd v\u00e5tverkstad f\u00f6r batik.<br \/>\nD\u00e4r har jag sedan levt o jobbat p\u00e5&#8230;..tagit emot folk hemma, haft kurser i akvarell, \u00f6ppen atelj\u00e9 &#8211; helger&#8230; emellan\u00e5t.<\/p>\n<p>Akvarellen kom in i mitt liv p\u00e5 allvar n\u00e4r jag 1986 f\u00f6rsta g\u00e5ngen tr\u00e4ffade Arne Isacsson.<br \/>\nJag blev helt s\u00e5ld!<br \/>\nSedan dess har jag arbetat kontinuerligt med akvarellen.<\/p>\n<p>P\u00e5 senare tid har jag arbetat med collage. En akrylgrund som jag limmar tunna akvarellmonotyper p\u00e5. Det blir en relief och ger mer \u00e4n en platt m\u00e5lning.<\/p>\n<p>NU har jag v\u00e5gat n\u00e4rma mej oljef\u00e4rgerna&#8230;..<\/p>\n<pre><strong>CV.\nMeg Ersbacken Engman.\nF\u00f6dd 1950\nMedlem i KRO,  Bus ,  KiD,  Svenska Konstn\u00e4rer\n\n Tilldelats Avesta Kommuns kulturpris 2016\n\nKonstn\u00e4rlig utbildning:\n<\/strong> KONSTFACKSKOLAN.1973-79 Masterexamen 1979 \/ Keramik och glas.\n Dessf\u00f6rinnan: Hantverkets folkh\u00f6gskola, Leksand 1971-72\nGamlebyen folkeh\u00f6jskole i Fredrikstad, Norge  1972-73\nGlasskolan i Orrefors  1973\n\nKortare kurser i akvarellteknik p\u00e5 Gerlesborgsskolan, \n M\u00e5larkurser p\u00e5 Orust och Tj\u00f6rn,m\u00e5larresor till Norge och Island. \nAkvarellmonotypi p\u00e5 akvarellmueet i Sk\u00e4rhamn. Samtliga dessa kurser\n f\u00f6r Arne Isacsson under \u00e5ren 1993 \u2013 2000.\n\nM\u00e5larkurs \/ akvarell i Abisko f\u00f6r Lars Holm 2016 och -17\nM\u00e5larkurs \/  f\u00f6r Hasse Karlsson p\u00e5 Gerlesborgsskolan 2017\n\n<strong>UTST\u00c4LLNINGAR\n<\/strong>Matsesg\u00e5rden Stj\u00e4rnsund 2024\nGalleri Movitz, Stockholm 2019\nGalleri Terseaus, Stockholm 2015\nKonsthallen Avesta 2015\nGalleri Abrahamsg\u00e5rden, Norberg  20014, - 15\nGalleri Svea Stockholm 2014\nGalleri Draken Stockholm 2013\nGalleri Almedalen Visby,  2013\nHofors Kulturhus 2011\nH\u00f6stsalong \u2013 Kistam\u00e4ssan, 2009 \u2013 10\nGalleri Lustg\u00e5rden, Aln\u00f6n, Sundsvall 2009\nGalleri Nykvarn, Enk\u00f6ping 2009\nEksg\u00e5rden, G\u00e5rdby, \u00d6land. Sk\u00f6rdefest \/\/ Konstnatt 2006, - 07, \n- 08, - 09, -10, -12\nKonst, Konst, Konst, Falun 2007, - 08\nGalleri Gr\u00f6nland , Malung  2008\nMagasin 8, Sundsvall  2006\nGalleri Sj\u00f6h\u00e4sten, Nyk\u00f6ping 2003\nStockholm Art Fair 2002\nRoma Kungsg\u00e5rd, Gotland 2002\nFryksta station, Kil 2001\nGalleri Max, Ystad 2000, - 01, -04\nKonsthallen Avesta 2000\nGalleri Linde Lindesberg 1999\nGalleri \u00c4ngelsbergs Brukshandel 1999, 2002\nK\u00f6pings Konstf\u00f6rening, 1998\nGalleri Konstg\u00e5rden, Tran\u00e5s 1997\nGeilo samfundshus, Geilo, Norge 1997\nSigtuna kulturg\u00e5rd, 1997\nViksj\u00f6 konsthall, J\u00e4rf\u00e4lla 1997\nGalleri K.J. Mora 1996\nWahlmanska, Hedemora 1995\nGalleri AX, Avesta 1994, - 96\nStora herrg\u00e5rden i Stjernsund  1994, - 98\nStenhuset i Surahammar 1994\nKulturhuset i V\u00e4stervik 1993\nAguelimuseet i Sala \u2013 bl\u00e5 salen \u2013 1992\nMora Kulturhus 1991\nGalleri Walan, Grythyttan 1991\nGalleri Drantg\u00e5rden, T\u00e4llberg 1989\nGalleri Lustg\u00e5rden, Aln\u00f6n, Sundsvall 1989,- 91, - 97\nGalleri Ulva Kvarn, Uppsala, 1989\nGalleri Bengtsson, Stockholm 1986\nSvenska kyrkan i New York, 1986\nStora Kopparbergs museum, Falun 1986 \u2013 95\nGalleri Nykvarn, Enk\u00f6ping 1984, -87, - 90, - 93, - 96, 2000, 2003\nGalleri Max, Avesta 1983, -84, - 87, - 94, - 96\nGalleri Abrahamsg\u00e5rden, Norberg 1982, - 86, - 89, - 95, - 96, \n- 2006, 2008 och 2010.\n<strong>\nInk\u00f6pt av \/ Representerad:<\/strong>\nStatens Konstr\u00e5d\nSvenska Kyrkan, New York.\nStora Kopparbergs Museum, Falun\nKommuner: Avesta, Fagersta, Norberg, Enk\u00f6ping, Hudiksvall, Mora,\n Hallstahammar, K\u00f6ping, V\u00e4stervik, Smedjebacken, J\u00e4rf\u00e4lla.\nLandsting\/ Regioner:  Dalarna och V\u00e4stmanland.\n\n<strong>Offentliga utsmyckningar \/ Uppdrag<\/strong>\nTv\u00e5 utomhusfasader i Avesta\nSvenska kyrkan i Surahammar, Lindesberg, Kista, Grytn\u00e4s och Folk\u00e4rna<\/pre>\n","protected":false},"excerpt":{"rendered":"<p>V\u00e4lkommen till Bildkonstn\u00e4r \u00a0MEG ERSBACKEN &#8211; ENGMAN \u00a0 Lilla Dicka 16, \u00a0774 97 Fors \u00a0 \u00a0 \u00a0070 &#8211; 323 9834 \u00a0 \u00a0 \u00a0 \u00a0 \u00a0 megersbacken@gmail.com \u00a0 \u00a0 Jag har arbetat som bildkonstn\u00e4r hela livet. Slutade Konstfack 1979. D\u00e5 flyttade &hellip; <a href=\"https:\/\/megee.nu\/\">L\u00e4s mer <span class=\"meta-nav\">&rarr;<\/span><\/a><\/p>\n","protected":false},"author":1,"featured_media":0,"parent":0,"menu_order":0,"comment_status":"closed","ping_status":"closed","template":"","meta":[],"_links":{"self":[{"href":"https:\/\/megee.nu\/index.php?rest_route=\/wp\/v2\/pages\/2"}],"collection":[{"href":"https:\/\/megee.nu\/index.php?rest_route=\/wp\/v2\/pages"}],"about":[{"href":"https:\/\/megee.nu\/index.php?rest_route=\/wp\/v2\/types\/page"}],"author":[{"embeddable":true,"href":"https:\/\/megee.nu\/index.php?rest_route=\/wp\/v2\/users\/1"}],"replies":[{"embeddable":true,"href":"https:\/\/megee.nu\/index.php?rest_route=%2Fwp%2Fv2%2Fcomments&post=2"}],"version-history":[{"count":19,"href":"https:\/\/megee.nu\/index.php?rest_route=\/wp\/v2\/pages\/2\/revisions"}],"predecessor-version":[{"id":1225,"href":"https:\/\/megee.nu\/index.php?rest_route=\/wp\/v2\/pages\/2\/revisions\/1225"}],"wp:attachment":[{"href":"https:\/\/megee.nu\/index.php?rest_route=%2Fwp%2Fv2%2Fmedia&parent=2"}],"curies":[{"name":"wp","href":"https:\/\/api.w.org\/{rel}","templated":true}]}}