{"id":282,"date":"2017-02-01T12:18:08","date_gmt":"2017-02-01T12:18:08","guid":{"rendered":"http:\/\/megee.nu\/?page_id=282"},"modified":"2025-06-28T09:41:39","modified_gmt":"2025-06-28T09:41:39","slug":"presentation-2","status":"publish","type":"page","link":"https:\/\/megee.nu\/?page_id=282","title":{"rendered":"Presentation"},"content":{"rendered":"<p><strong>PRESENTATION<\/strong><\/p>\n<p><strong>MEG ERSBACKEN ENGMAN<\/strong><\/p>\n<p>Jag har arbetat som bildkonstn\u00e4r hela livet. Slutade Konstfack 1979. D\u00e5 flyttade jag hem till barndomsbyn i s\u00f6dra dalarna. Fick k\u00f6pa min farmors hus, granne med mitt f\u00f6r\u00e4ldrahem. \u00a0Gifte mej och tv\u00e5 barn gjorde entre i t\u00e4t f\u00f6ljd. 1982 hade jag min f\u00f6rsta utst\u00e4llning i Norberg o sen fortsatte det med utst\u00e4llningar som deadlines.<\/p>\n<p>Har alltid arbetat med batikbilder och det blev mitt signum.<\/p>\n<p>Stora bilder fr\u00e5n \u201dEvighetens str\u00e4nder&#8230;\u201d Mina str\u00e4nder \u00e4r h\u00e4mtade fr\u00e5n Gotland o \u00d6land.<\/p>\n<p>Fj\u00e4llv\u00e4rlden har gjort sin entre\u00b4 de sista \u00e5ren.<\/p>\n<p>Jag utvecklade batiktekniken till ett eget uttryck. Upp till 40 bad p\u00e5 varje bild, tre till fyra urkok, varje f\u00e4rgskala f\u00f6r sej&#8230; \u00a0 \u00a0 (Tekniken finns beskriven under &#8221;Batik&#8221;)<\/p>\n<p>Eftersom jag g\u00e5tt en hantverks-designutbildning \u2013 s\u00e5 blev teknik o uttryck viktigt. Jag lyckades f\u00e5 fram ett koncept med bilder som jag kunde leva av och p\u00e5, men med otroligt mycket jobb eftersom jag g\u00f6r allting sj\u00e4lv. Ramning o montering tycker jag \u00e4r en stor del av en bild o jag har d\u00e4rf\u00f6r lagt stor, egen vikt vid detta.<\/p>\n<p>1989 kunde jag satsa o bygga en stor atelj\u00e9 och en specialbyggd v\u00e5tverkstad f\u00f6r batik.<\/p>\n<p>D\u00e4r har jag sedan levt o jobbat p\u00e5&#8230;..tagit emot folk hemma, haft kurser i akvarell, \u00f6ppen atelj\u00e9 &#8211; helger&#8230; emellan\u00e5t.<\/p>\n<p>Akvarellen kom in i mitt liv p\u00e5 allvar n\u00e4r jag 1986 f\u00f6rsta g\u00e5ngen tr\u00e4ffade Arne Isacsson.<\/p>\n<p>Jag blev helt s\u00e5ld! Sedan dess har jag \u2013 efter n\u00e5gra \u00e5rs tr\u00e4ning &#8211; \u00e4ven st\u00e4llt ut akvareller.<\/p>\n<p>P\u00e5 senare tid har jag arbetat med collage. En akrylgrund som jag limmar tunna akvarellmonotyper p\u00e5. Det blir en relief och ger mer \u00e4n en platt m\u00e5lning.<\/p>\n<p>Nu har jag l\u00e4mnat batiken och ist\u00e4llet v\u00e5gat n\u00e4rma mej oljem\u00e5leriet. Det \u00e4 stor utmaning f\u00f6r mej eftersom jag tidigare bara arbetat med transparenta tekniker&#8230;.<\/p>\n<p>Men p\u00e5 Konstrundan 2024 visade jag mina f\u00f6rsta oljem\u00e5lningar och det k\u00e4ndes bra.<\/p>\n<p><a href=\"https:\/\/megee.nu\/wp-content\/uploads\/2012\/08\/nov111.jpg\"><br \/>\n<img decoding=\"async\" loading=\"lazy\" class=\"aligncenter size-full wp-image-302\" title=\"Atelj\u00e9n\" src=\"https:\/\/megee.nu\/wp-content\/uploads\/2012\/08\/nov111.jpg\" alt=\"Meg\" width=\"500\" height=\"332\" srcset=\"https:\/\/megee.nu\/wp-content\/uploads\/2012\/08\/nov111.jpg 500w, https:\/\/megee.nu\/wp-content\/uploads\/2012\/08\/nov111-300x199.jpg 300w, https:\/\/megee.nu\/wp-content\/uploads\/2012\/08\/nov111-451x300.jpg 451w\" sizes=\"(max-width: 500px) 100vw, 500px\" \/><\/a>Utm\u00e4rkande f\u00f6r min konst \u00e4r\u00a0 &#8221;Det ensamma Landskapet&#8230;.&#8221;\u00a0\u00a0\u00a0 Jag vill skildra det eviga landskapet &#8211; det or\u00f6rda &#8211; tysta &#8211; of\u00f6r\u00e4nderliga&#8230;.\u00a0\u00a0 \u00a0Detta i en sparsam f\u00e4rgskala med mest nyanser. Jag vistas mycket ute under olika \u00e5rstider &#8211; ofta med akvarellpenseln i handen.<\/p>\n<p><a href=\"https:\/\/megee.nu\/wp-content\/uploads\/2012\/04\/nov32.jpg\"><img decoding=\"async\" loading=\"lazy\" class=\"aligncenter size-full wp-image-30\" title=\"Atelj\u00e9n\" src=\"https:\/\/megee.nu\/wp-content\/uploads\/2012\/04\/nov32.jpg\" alt=\"\" width=\"400\" height=\"266\" srcset=\"https:\/\/megee.nu\/wp-content\/uploads\/2012\/04\/nov32.jpg 400w, https:\/\/megee.nu\/wp-content\/uploads\/2012\/04\/nov32-300x199.jpg 300w\" sizes=\"(max-width: 400px) 100vw, 400px\" \/><\/a><\/p>\n<p><strong>I Avesta har vi en egen Konstrunda under P\u00e5skdagarna.<\/strong><\/p>\n<p>D\u00e5 \u00f6ppnar vi yrkesverksamma konstn\u00e4rer i kommunen v\u00e5ra atelje\u00e9r f\u00f6r bes\u00f6k i fyra dagar.<\/p>\n<p>Denna runda \u00e4r numera viktig o styr hela \u00e5rets verksamhet.<\/p>\n<p>www.konstrundan-avesta.se<\/p>\n<p><strong>CV.<\/strong><\/p>\n<p><strong>Meg Ersbacken Engman.<\/strong><\/p>\n<p>F\u00f6dd 1950<\/p>\n<p>Medlem i KRO, \u00a0Bus, \u00a0 Konst i Dalarna<\/p>\n<p><strong><em>Tilldelats Avesta Kommuns kulturpris 2016<\/em><\/strong><\/p>\n<p><strong>Konstn\u00e4rlig utbildning:<\/strong><\/p>\n<p>KONSTFACKSKOLAN. Masterexamen 1979. \u00a0Linjen f\u00f6r keramik och glas.<\/p>\n<p>Dessf\u00f6rinnan: Hantverkets folkh\u00f6gskola, Leksand 1971-72<\/p>\n<p>Gamlebyen folkeh\u00f6jskole i Fredrikstad, Norge 1972-73<\/p>\n<p>Glasskolan i Orrefors 1973<\/p>\n<p>Konstfackskolan 1973-79<\/p>\n<p>Kortare kurser i akvarellteknik p\u00e5 Gerlesborgsskolan, m\u00e5larkurser p\u00e5 Orust och Tj\u00f6rn, m\u00e5larresor till Norge och Island. Akvarellmonotypi p\u00e5 akvarellmueet i Sk\u00e4rhamn. Samtliga dessa kurser f\u00f6r Arne Isacsson under \u00e5ren 1993 \u2013 2000.<\/p>\n<p>M\u00e5larkurs \/ akvarell i Abisko f\u00f6r Lars Holm 2016 och -17<\/p>\n<p>M\u00e5larkurs \/ f\u00f6r Hasse Karlsson p\u00e5 Gerlesborgsskolan 2017<\/p>\n<p><b>UTST\u00c4LLNINGAR:<\/b><\/p>\n<p>Matsesg\u00e5rden, Stigsbo \/ Stj\u00e4rnsund \u00a0 2023<\/p>\n<p>Dalakonst Falun \u00a0 2022<\/p>\n<p>Galleri Movitz, Stockholm \u00a0 2019<\/p>\n<p>Galleri Terseaus, Stockholm 2015<\/p>\n<p>Konsthallen Avesta 2015<\/p>\n<p>Galleri Abrahamsg\u00e5rden, Norberg 20014, &#8211; 15<\/p>\n<p>Galleri Svea Stockholm 2014<\/p>\n<p>Galleri Draken Stockholm 2013<\/p>\n<p>Galleri Almedalen Visby, 2013<\/p>\n<p>Hofors Kulturhus 2011<\/p>\n<p>H\u00f6stsalong \u2013 Kistam\u00e4ssan, 2009 \u2013 10<\/p>\n<p>Galleri Lustg\u00e5rden, Aln\u00f6n, Sundsvall 2009<\/p>\n<p>Galleri Nykvarn, Enk\u00f6ping 2009<\/p>\n<p>Eksg\u00e5rden, G\u00e5rdby, \u00d6land. Sk\u00f6rdefest \/\/ Konstnatt 2006, &#8211; 07, &#8211; 08, &#8211; 09, -10, -12<\/p>\n<p>Konst, Konst, Konst, Falun 2007, &#8211; 08<\/p>\n<p>Galleri Gr\u00f6nland , Malung 2008<\/p>\n<p>Magasin 8, Sundsvall 2006<\/p>\n<p>Galleri Sj\u00f6h\u00e4sten, Nyk\u00f6ping 2003<\/p>\n<p>Stockholm Art Fair 2002<\/p>\n<p>Roma Kungsg\u00e5rd, Gotland 2002<\/p>\n<p>Fryksta station, Kil 2001<\/p>\n<p>Galleri Max, Ystad 2000, &#8211; 01, -04<\/p>\n<p>Konsthallen Avesta 2000<\/p>\n<p>Galleri Linde Lindesberg 1999<\/p>\n<p>Galleri \u00c4ngelsbergs Brukshandel 1999, 2002<\/p>\n<p>K\u00f6pings Konstf\u00f6rening, 1998<\/p>\n<p>Galleri Konstg\u00e5rden, Tran\u00e5s 1997<\/p>\n<p>Geilo samfundshus, Geilo, Norge 1997<\/p>\n<p>Sigtuna kulturg\u00e5rd, 1997<\/p>\n<p>Viksj\u00f6 konsthall, J\u00e4rf\u00e4lla 1997<\/p>\n<p>Galleri K.J. Mora 1996<\/p>\n<p>Wahlmanska, Hedemora 1995<\/p>\n<p>Galleri AX, Avesta 1994, &#8211; 96<\/p>\n<p>Stora herrg\u00e5rden i Stjernsund 1994, &#8211; 98<\/p>\n<p>Stenhuset i Surahammar 1994<\/p>\n<p>Kulturhuset i V\u00e4stervik 1993<\/p>\n<p>Aguelimuseet i Sala \u2013 bl\u00e5 salen \u2013 1992<\/p>\n<p>Mora Kulturhus 1991<\/p>\n<p>Galleri Walan, Grythyttan 1991<\/p>\n<p>Galleri Drantg\u00e5rden, T\u00e4llberg 1989<\/p>\n<p>Galleri Lustg\u00e5rden, Aln\u00f6n, Sundsvall 1989,- 91, &#8211; 97<\/p>\n<p>Galleri Ulva Kvarn, Uppsala, 1989<\/p>\n<p>Galleri Bengtsson, Stockholm 1986<\/p>\n<p>Svenska kyrkan i New York, 1986<\/p>\n<p>Stora Kopparbergs museum, Falun 1986 \u2013 95<\/p>\n<p>Galleri Nykvarn, Enk\u00f6ping 1984, -87, &#8211; 90, &#8211; 93, &#8211; 96, 2000, &#8211; 03<\/p>\n<p>Galleri Max, Avesta 1983, -84, &#8211; 87, &#8211; 94, &#8211; 96<\/p>\n<p>Galleri Abrahamsg\u00e5rden, Norberg 1982, &#8211; 86, &#8211; 89, &#8211; 95, &#8211; 96, &#8211; 2006, &#8211; 08, &#8211; 10.<\/p>\n<p><strong>Ink\u00f6pt av \/ Representerad:<\/strong><\/p>\n<p>Statens Konstr\u00e5d<\/p>\n<p>Svenska Kyrkan, New York.<\/p>\n<p>Stora Kopparbergs Museum, Falun<\/p>\n<p>Kommuner: Avesta, Fagersta, Norberg, Enk\u00f6ping, Hudiksvall, Mora, Hallstahammar, K\u00f6ping, V\u00e4stervik, Smedjebacken, J\u00e4rf\u00e4lla.<\/p>\n<p>Landsting \/ Regioner: Dalarna och V\u00e4stmanland.<\/p>\n<p><strong>Offentliga utsmyckningar \/ Uppdrag<\/strong><\/p>\n<p>Tv\u00e5 utomhusfasader i Avesta<\/p>\n<p>Svenska kyrkan i Surahammar, Lindesberg, Kista, Grytn\u00e4s och Folk\u00e4rna.<\/p>\n","protected":false},"excerpt":{"rendered":"<p>PRESENTATION MEG ERSBACKEN ENGMAN Jag har arbetat som bildkonstn\u00e4r hela livet. Slutade Konstfack 1979. D\u00e5 flyttade jag hem till barndomsbyn i s\u00f6dra dalarna. Fick k\u00f6pa min farmors hus, granne med mitt f\u00f6r\u00e4ldrahem. \u00a0Gifte mej och tv\u00e5 barn gjorde entre i &hellip; <a href=\"https:\/\/megee.nu\/?page_id=282\">L\u00e4s mer <span class=\"meta-nav\">&rarr;<\/span><\/a><\/p>\n","protected":false},"author":1,"featured_media":0,"parent":0,"menu_order":0,"comment_status":"closed","ping_status":"closed","template":"","meta":[],"_links":{"self":[{"href":"https:\/\/megee.nu\/index.php?rest_route=\/wp\/v2\/pages\/282"}],"collection":[{"href":"https:\/\/megee.nu\/index.php?rest_route=\/wp\/v2\/pages"}],"about":[{"href":"https:\/\/megee.nu\/index.php?rest_route=\/wp\/v2\/types\/page"}],"author":[{"embeddable":true,"href":"https:\/\/megee.nu\/index.php?rest_route=\/wp\/v2\/users\/1"}],"replies":[{"embeddable":true,"href":"https:\/\/megee.nu\/index.php?rest_route=%2Fwp%2Fv2%2Fcomments&post=282"}],"version-history":[{"count":17,"href":"https:\/\/megee.nu\/index.php?rest_route=\/wp\/v2\/pages\/282\/revisions"}],"predecessor-version":[{"id":1213,"href":"https:\/\/megee.nu\/index.php?rest_route=\/wp\/v2\/pages\/282\/revisions\/1213"}],"wp:attachment":[{"href":"https:\/\/megee.nu\/index.php?rest_route=%2Fwp%2Fv2%2Fmedia&parent=282"}],"curies":[{"name":"wp","href":"https:\/\/api.w.org\/{rel}","templated":true}]}}