{"id":394,"date":"2017-02-01T14:40:37","date_gmt":"2017-02-01T14:40:37","guid":{"rendered":"http:\/\/megee.nu\/?page_id=394"},"modified":"2026-03-17T13:56:49","modified_gmt":"2026-03-17T13:56:49","slug":"aktuellt2","status":"publish","type":"page","link":"https:\/\/megee.nu\/?page_id=394","title":{"rendered":"AKTUELLT"},"content":{"rendered":"\n<p><strong>  2026<\/strong><\/p>\n\n\n\n<p><strong>KONSTRUNDAN AVESTA   3 &#8211; 6 APRIL<\/strong>    \u00d6ppet i atelj\u00e9n 11- 17 fyra dagar \u00f6ver p\u00e5sk. <\/p>\n\n\n\n<p>   Se mer p\u00e5: konstrundan-avesta.se<\/p>\n\n\n\n<figure class=\"wp-block-video\"><video controls src=\"https:\/\/megee.nu\/wp-content\/uploads\/2026\/03\/IMG_8544.mov\"><\/video><\/figure>\n\n\n\n<p><strong>Sista dagarna inf\u00f6r konstrundan!!!<\/strong>  Det senaste \u00e5ret har jag bara m\u00e5lat i olja.<\/p>\n\n\n\n<p><strong>Det har blivit ett &#8221;halvabstrakt horisontellt m\u00e5leri.&#8221;<\/strong><\/p>\n\n\n\n<p><\/p>\n\n\n\n<figure class=\"wp-block-image size-large\"><a href=\"https:\/\/megee.nu\/wp-content\/uploads\/2024\/03\/IMG_6961-scaled.jpeg\"><img decoding=\"async\" loading=\"lazy\" width=\"1024\" height=\"768\" src=\"https:\/\/megee.nu\/wp-content\/uploads\/2024\/03\/IMG_6961-1024x768.jpeg\" alt=\"\" class=\"wp-image-1168\" srcset=\"https:\/\/megee.nu\/wp-content\/uploads\/2024\/03\/IMG_6961-1024x768.jpeg 1024w, https:\/\/megee.nu\/wp-content\/uploads\/2024\/03\/IMG_6961-300x225.jpeg 300w, https:\/\/megee.nu\/wp-content\/uploads\/2024\/03\/IMG_6961-768x576.jpeg 768w, https:\/\/megee.nu\/wp-content\/uploads\/2024\/03\/IMG_6961-1536x1152.jpeg 1536w, https:\/\/megee.nu\/wp-content\/uploads\/2024\/03\/IMG_6961-2048x1536.jpeg 2048w, https:\/\/megee.nu\/wp-content\/uploads\/2024\/03\/IMG_6961-400x300.jpeg 400w\" sizes=\"(max-width: 1024px) 100vw, 1024px\" \/><\/a><\/figure>\n\n\n\n<p>  <\/p>\n\n\n\n<figure class=\"wp-block-gallery has-nested-images columns-default is-cropped wp-block-gallery-1 is-layout-flex\"><\/figure>\n\n\n\n<p><\/p>\n\n\n\n<p><\/p>\n\n\n\n<p><\/p>\n\n\n\n<p><\/p>\n\n\n\n<p><\/p>\n","protected":false},"excerpt":{"rendered":"<p>2026 KONSTRUNDAN AVESTA 3 &#8211; 6 APRIL \u00d6ppet i atelj\u00e9n 11- 17 fyra dagar \u00f6ver p\u00e5sk. Se mer p\u00e5: konstrundan-avesta.se Sista dagarna inf\u00f6r konstrundan!!! Det senaste \u00e5ret har jag bara m\u00e5lat i olja. Det har blivit ett &#8221;halvabstrakt horisontellt m\u00e5leri.&#8221;<\/p>\n","protected":false},"author":2,"featured_media":417,"parent":0,"menu_order":0,"comment_status":"closed","ping_status":"closed","template":"","meta":[],"_links":{"self":[{"href":"https:\/\/megee.nu\/index.php?rest_route=\/wp\/v2\/pages\/394"}],"collection":[{"href":"https:\/\/megee.nu\/index.php?rest_route=\/wp\/v2\/pages"}],"about":[{"href":"https:\/\/megee.nu\/index.php?rest_route=\/wp\/v2\/types\/page"}],"author":[{"embeddable":true,"href":"https:\/\/megee.nu\/index.php?rest_route=\/wp\/v2\/users\/2"}],"replies":[{"embeddable":true,"href":"https:\/\/megee.nu\/index.php?rest_route=%2Fwp%2Fv2%2Fcomments&post=394"}],"version-history":[{"count":172,"href":"https:\/\/megee.nu\/index.php?rest_route=\/wp\/v2\/pages\/394\/revisions"}],"predecessor-version":[{"id":1232,"href":"https:\/\/megee.nu\/index.php?rest_route=\/wp\/v2\/pages\/394\/revisions\/1232"}],"wp:featuredmedia":[{"embeddable":true,"href":"https:\/\/megee.nu\/index.php?rest_route=\/wp\/v2\/media\/417"}],"wp:attachment":[{"href":"https:\/\/megee.nu\/index.php?rest_route=%2Fwp%2Fv2%2Fmedia&parent=394"}],"curies":[{"name":"wp","href":"https:\/\/api.w.org\/{rel}","templated":true}]}}