{"id":553,"date":"2016-05-11T12:41:44","date_gmt":"2016-05-11T12:41:44","guid":{"rendered":"http:\/\/megee.nu\/?page_id=553"},"modified":"2024-11-10T11:31:07","modified_gmt":"2024-11-10T11:31:07","slug":"akvarellkurser","status":"publish","type":"page","link":"https:\/\/megee.nu\/?page_id=553","title":{"rendered":"Akvarellkurser"},"content":{"rendered":"<p><strong><span style=\"font-size: x-large;\">AKVARELLHELGER HOS MEG<\/span><\/strong><\/p>\n<p><strong>F\u00f6r n\u00e4rvarande &#8211; inga kurser planerade inf\u00f6r 2025<\/strong><\/p>\n<p><strong style=\"font-size: revert;\">\u00a0<\/strong><\/p>\n<p><strong>\u00a0 \u00a0\u00a0<\/strong><\/p>\n<p><strong>\u00a0 \u00a0 \u00a0 \u00a0 \u00a0\u00a0<\/strong><\/p>\n<p><strong>\u00a0<\/strong><\/p>\n","protected":false},"excerpt":{"rendered":"<p>AKVARELLHELGER HOS MEG F\u00f6r n\u00e4rvarande &#8211; inga kurser planerade inf\u00f6r 2025 \u00a0 \u00a0 \u00a0\u00a0 \u00a0 \u00a0 \u00a0 \u00a0 \u00a0\u00a0 \u00a0<\/p>\n","protected":false},"author":2,"featured_media":0,"parent":0,"menu_order":0,"comment_status":"closed","ping_status":"closed","template":"","meta":[],"_links":{"self":[{"href":"https:\/\/megee.nu\/index.php?rest_route=\/wp\/v2\/pages\/553"}],"collection":[{"href":"https:\/\/megee.nu\/index.php?rest_route=\/wp\/v2\/pages"}],"about":[{"href":"https:\/\/megee.nu\/index.php?rest_route=\/wp\/v2\/types\/page"}],"author":[{"embeddable":true,"href":"https:\/\/megee.nu\/index.php?rest_route=\/wp\/v2\/users\/2"}],"replies":[{"embeddable":true,"href":"https:\/\/megee.nu\/index.php?rest_route=%2Fwp%2Fv2%2Fcomments&post=553"}],"version-history":[{"count":78,"href":"https:\/\/megee.nu\/index.php?rest_route=\/wp\/v2\/pages\/553\/revisions"}],"predecessor-version":[{"id":1204,"href":"https:\/\/megee.nu\/index.php?rest_route=\/wp\/v2\/pages\/553\/revisions\/1204"}],"wp:attachment":[{"href":"https:\/\/megee.nu\/index.php?rest_route=%2Fwp%2Fv2%2Fmedia&parent=553"}],"curies":[{"name":"wp","href":"https:\/\/api.w.org\/{rel}","templated":true}]}}