{"id":58,"date":"2012-04-23T11:34:26","date_gmt":"2012-04-23T11:34:26","guid":{"rendered":"http:\/\/megee.nu\/?page_id=58"},"modified":"2024-03-08T11:01:51","modified_gmt":"2024-03-08T11:01:51","slug":"batik","status":"publish","type":"page","link":"https:\/\/megee.nu\/?page_id=58","title":{"rendered":"Batik"},"content":{"rendered":"\n<p>Jag har arbetat med batik i 40 \u00e5r.  Batiken har varit en stor del av mitt liv.<\/p>\n\n\n\n<p> Med \u00e5lderns r\u00e4tt har jag nu lagt batikpenslarna \u00e5t sidan. Jag k\u00e4nde att nu var jag klar.<\/p>\n\n\n\n<p>H\u00e4r nedan finns n\u00e5gra bilder och f\u00f6rklaring till sj\u00e4lva arbetet.<\/p>\n\n\n<p style=\"text-align: left;\"><a href=\"https:\/\/megee.nu\/wp-content\/uploads\/2018\/05\/Evighetens-strand....jpg\"><img decoding=\"async\" loading=\"lazy\" class=\"alignleft size-full wp-image-800\" src=\"https:\/\/megee.nu\/wp-content\/uploads\/2018\/05\/Evighetens-strand....jpg\" alt=\"\" width=\"987\" height=\"600\" srcset=\"https:\/\/megee.nu\/wp-content\/uploads\/2018\/05\/Evighetens-strand....jpg 987w, https:\/\/megee.nu\/wp-content\/uploads\/2018\/05\/Evighetens-strand...-300x182.jpg 300w, https:\/\/megee.nu\/wp-content\/uploads\/2018\/05\/Evighetens-strand...-768x467.jpg 768w, https:\/\/megee.nu\/wp-content\/uploads\/2018\/05\/Evighetens-strand...-494x300.jpg 494w\" sizes=\"(max-width: 987px) 100vw, 987px\" \/><\/a><\/p>\n<p>\u00a0<\/p>\n<p>\u00a0<\/p>\n<h3 style=\"text-align: left;\"><a href=\"https:\/\/megee.nu\/wp-content\/uploads\/2013\/10\/DSC09894.jpg\"><img decoding=\"async\" loading=\"lazy\" class=\"alignleft size-large wp-image-435\" src=\"https:\/\/megee.nu\/wp-content\/uploads\/2013\/10\/DSC09894-1024x673.jpg\" alt=\"\" width=\"584\" height=\"384\" srcset=\"https:\/\/megee.nu\/wp-content\/uploads\/2013\/10\/DSC09894-1024x673.jpg 1024w, https:\/\/megee.nu\/wp-content\/uploads\/2013\/10\/DSC09894-300x197.jpg 300w, https:\/\/megee.nu\/wp-content\/uploads\/2013\/10\/DSC09894-455x300.jpg 455w\" sizes=\"(max-width: 584px) 100vw, 584px\" \/><\/a><a href=\"https:\/\/megee.nu\/wp-content\/uploads\/2018\/05\/DSC09900.jpg\"><img decoding=\"async\" loading=\"lazy\" class=\"alignleft size-large wp-image-801\" src=\"https:\/\/megee.nu\/wp-content\/uploads\/2018\/05\/DSC09900-1024x705.jpg\" alt=\"\" width=\"584\" height=\"402\" srcset=\"https:\/\/megee.nu\/wp-content\/uploads\/2018\/05\/DSC09900-1024x705.jpg 1024w, https:\/\/megee.nu\/wp-content\/uploads\/2018\/05\/DSC09900-300x206.jpg 300w, https:\/\/megee.nu\/wp-content\/uploads\/2018\/05\/DSC09900-768x528.jpg 768w, https:\/\/megee.nu\/wp-content\/uploads\/2018\/05\/DSC09900-436x300.jpg 436w\" sizes=\"(max-width: 584px) 100vw, 584px\" \/><\/a><\/h3>\n<h3 style=\"text-align: left;\"><strong>EN BILD som spelar p\u00e5 stillhetens toner&#8230;<\/strong><\/h3>\n<p style=\"text-align: left;\">Teknisk beskrivning: \u00a0VAXBATIK &#8211; Vaxreservage<\/p>\n<p style=\"text-align: left;\">MATERIALBESKRIVNING:<\/p>\n<p style=\"text-align: left;\">DUK: Bomullsv\u00e4v, linne \u2013 eller en blandning av dessa<\/p>\n<p style=\"text-align: left;\">F\u00c4RGER: Batikf\u00e4rger -Kypf\u00e4rger &#8211; som blandas med kemikalier till stora f\u00e4rgbad<\/p>\n<p style=\"text-align: left;\">VAX: Rent bivax blandat med paraffin. Denna blandning sm\u00e4ltes och upphettas till 140 grader och appliceras p\u00e5 duken med pensel.<\/p>\n<p style=\"text-align: left;\">ARBETSG\u00c5NG: En ordentlig skiss kr\u00e4vs f\u00f6r att l\u00e4gga upp arbetsg\u00e5ngen.<\/p>\n<p style=\"text-align: left;\">Jag b\u00f6rjar med att vaxa upp motivet p\u00e5 vit duk \u2013 o f\u00e4rgar en tunn ton i gr\u00e5bl\u00e5tt. Sedan kokar jag bort vaxet o d\u00e5 finns en enkel skiss i vitt mot ljus bakgrund.<\/p>\n<p><a href=\"https:\/\/megee.nu\/wp-content\/uploads\/2018\/05\/vax-6.jpg\"><img decoding=\"async\" loading=\"lazy\" class=\"aligncenter size-large wp-image-803\" src=\"https:\/\/megee.nu\/wp-content\/uploads\/2018\/05\/vax-6-1024x768.jpg\" alt=\"\" width=\"584\" height=\"438\" srcset=\"https:\/\/megee.nu\/wp-content\/uploads\/2018\/05\/vax-6-1024x768.jpg 1024w, https:\/\/megee.nu\/wp-content\/uploads\/2018\/05\/vax-6-300x225.jpg 300w, https:\/\/megee.nu\/wp-content\/uploads\/2018\/05\/vax-6-768x576.jpg 768w, https:\/\/megee.nu\/wp-content\/uploads\/2018\/05\/vax-6-400x300.jpg 400w\" sizes=\"(max-width: 584px) 100vw, 584px\" \/>Vaxning med hett flytande vax ..<\/a><\/p>\n<p><a href=\"https:\/\/megee.nu\/wp-content\/uploads\/2018\/05\/urkok-6.jpg\"><img decoding=\"async\" loading=\"lazy\" class=\"aligncenter size-large wp-image-802\" src=\"https:\/\/megee.nu\/wp-content\/uploads\/2018\/05\/urkok-6-1024x768.jpg\" alt=\"\" width=\"584\" height=\"438\" srcset=\"https:\/\/megee.nu\/wp-content\/uploads\/2018\/05\/urkok-6-1024x768.jpg 1024w, https:\/\/megee.nu\/wp-content\/uploads\/2018\/05\/urkok-6-300x225.jpg 300w, https:\/\/megee.nu\/wp-content\/uploads\/2018\/05\/urkok-6-768x576.jpg 768w, https:\/\/megee.nu\/wp-content\/uploads\/2018\/05\/urkok-6-400x300.jpg 400w\" sizes=\"(max-width: 584px) 100vw, 584px\" \/><\/a><\/p>\n<p style=\"text-align: left;\">URKOK &#8211; i kokande vatten med soda och tv\u00e5lflingor.<\/p>\n<p style=\"text-align: left;\">F\u00f6rsta f\u00e4rgskalan \u00e4r svart. Jag vaxar nu \u00f6ver allt som inte skall inneh\u00e5lla svart. \u00a0&#8211;\u00a0Allt fr\u00e5n ljusaste gr\u00e5tt till svart.\u00a0F\u00f6rsta f\u00e4rgbadet \u00e4r en ljus gr\u00e5. Vid f\u00e4rgning tar nu allt som INTE \u00e4r vaxat \u00e5t sej f\u00e4rgen. N\u00e4r duken \u00e4r torr vaxar jag \u00f6ver det som skall vara ljusgr\u00e5tt o doppar sen i en m\u00f6rkare gr\u00e5 \u2013 o g\u00f6r om samma prosess igen \u2013 upp till tio f\u00e4rgningar d\u00e4r den sista \u00e4r svart. Nu \u00e4r hela duken t\u00e4ckt med vax och det \u00e4r dags f\u00f6r urkokning.<\/p>\n<p style=\"text-align: left;\">D\u00e5 l\u00e4gger jag duken i kokande vatten som inneh\u00e5ller tv\u00e5lflingor o soda. Vaxet l\u00f6ses upp och efter mycket sk\u00f6ljande i hett och kallt vatten s\u00e5 \u00e4r duken ren fr\u00e5n vax.<\/p>\n<p style=\"text-align: left;\">Nu finns en svart f\u00e4rgskala p\u00e5 duken och det \u00e4r dags f\u00f6r n\u00e4sta f\u00e4rgskala \u2013 en gul\/brun. Allt som INTE skall vara gul\/brunt skall vaxas \u00f6ver \u2013 o sedan f\u00e4rgar jag som tidigare \u2013 en nyans i taget \u2013 o sen urkok.<\/p>\n<p style=\"text-align: left;\">Man f\u00e5r t\u00e4nka is\u00e4r f\u00e4rgskalorna. Jag g\u00f6r en svart, en bl\u00e5, gulbrun och en r\u00f6d ibland. Var och en av dessa f\u00e4rgskalor kan inneh\u00e5lla upp till tio olika nyanser \u2013 fr\u00e5n ljust till m\u00f6rkt. Det inneb\u00e4r allts\u00e5 att varje bild kan inneh\u00e5lls upp till ca 30 f\u00e4rgbad.<\/p>\n<p style=\"text-align: left;\">Varje nyans har sitt eget f\u00e4rgbad. Ett f\u00e4rgbad h\u00e5ller bara i fyra timmar.<\/p>\n<p style=\"text-align: left;\">Jag har aldrig f\u00e4rg i penseln \u2013 bara hett flytande \u2013 of\u00e4rgat vax. Det finns allts\u00e5 inget p\u00e5m\u00e5lat i efterhand. All f\u00e4rg som finns p\u00e5 duken \u00e4r f\u00e4rgad i ett f\u00e4rgbad.<\/p>\n<p style=\"text-align: left;\">BILDEN SITTER I DUKEN &#8211; och inte P\u00c5 duken.<\/p>\n<p style=\"text-align: left;\">Detta \u00e4r tidskr\u00e4vande och det \u00e4r stora krav p\u00e5 noggrannhet eftersom jag inte vill ha n\u00e5gra krackeleringar- sprickor i vaxet &#8211; i mina himlar\u2026.<\/p>\n<p style=\"text-align: left;\">Om vaxet spricker s\u00e5 tr\u00e4nger f\u00e4rgen in i sprickan och det blir o\u00f6nskade linjer.<\/p>\n<p style=\"text-align: left;\">En serie p\u00e5 tio bilder tar ca. tv\u00e5 m\u00e5nader att f\u00e5 fram.<\/p>\n<p style=\"text-align: left;\">N\u00e4r den \u00e4r klar s\u00e5 monterar jag upp duken p\u00e5 en kilram och ramar med list.<\/p>\n<div id=\"attachment_787\" style=\"width: 291px\" class=\"wp-caption alignleft\"><a href=\"https:\/\/megee.nu\/wp-content\/uploads\/2018\/05\/IMG_2064.jpg\"><img aria-describedby=\"caption-attachment-787\" decoding=\"async\" loading=\"lazy\" class=\" wp-image-787\" src=\"https:\/\/megee.nu\/wp-content\/uploads\/2018\/05\/IMG_2064-300x225.jpg\" alt=\"\" width=\"281\" height=\"214\" \/><\/a><p id=\"caption-attachment-787\" class=\"wp-caption-text\">Fj\u00e4llv\u00e4rlden i batik&#8230;&#8230;<\/p><\/div>\n<p style=\"text-align: left;\">\u00a0<a href=\"https:\/\/megee.nu\/wp-content\/uploads\/2018\/09\/beskuren-fj\u00e4ll.jpg\"><img decoding=\"async\" loading=\"lazy\" class=\"size-medium wp-image-829\" src=\"https:\/\/megee.nu\/wp-content\/uploads\/2018\/09\/beskuren-fj\u00e4ll-300x69.jpg\" alt=\"\" width=\"300\" height=\"69\" srcset=\"https:\/\/megee.nu\/wp-content\/uploads\/2018\/09\/beskuren-fj\u00e4ll-300x69.jpg 300w, https:\/\/megee.nu\/wp-content\/uploads\/2018\/09\/beskuren-fj\u00e4ll-768x178.jpg 768w, https:\/\/megee.nu\/wp-content\/uploads\/2018\/09\/beskuren-fj\u00e4ll-1024x237.jpg 1024w, https:\/\/megee.nu\/wp-content\/uploads\/2018\/09\/beskuren-fj\u00e4ll-500x116.jpg 500w\" sizes=\"(max-width: 300px) 100vw, 300px\" \/>\u00a0\u00a0\u00a0\u00a0\u00a0\u00a0\u00a0\u00a0\u00a0\u00a0\u00a0\u00a0<\/a><\/p>\n<div id=\"attachment_831\" style=\"width: 310px\" class=\"wp-caption alignleft\"><a href=\"https:\/\/megee.nu\/wp-content\/uploads\/2018\/09\/P1010352.jpg\"><img aria-describedby=\"caption-attachment-831\" decoding=\"async\" loading=\"lazy\" class=\"size-medium wp-image-831\" src=\"https:\/\/megee.nu\/wp-content\/uploads\/2018\/09\/P1010352-300x173.jpg\" alt=\"\" width=\"300\" height=\"173\" srcset=\"https:\/\/megee.nu\/wp-content\/uploads\/2018\/09\/P1010352-300x173.jpg 300w, https:\/\/megee.nu\/wp-content\/uploads\/2018\/09\/P1010352-768x442.jpg 768w, https:\/\/megee.nu\/wp-content\/uploads\/2018\/09\/P1010352-1024x589.jpg 1024w, https:\/\/megee.nu\/wp-content\/uploads\/2018\/09\/P1010352-500x288.jpg 500w\" sizes=\"(max-width: 300px) 100vw, 300px\" \/><\/a><p id=\"caption-attachment-831\" class=\"wp-caption-text\">vaxbatik<\/p><\/div>\n<p style=\"text-align: left;\"><a href=\"https:\/\/megee.nu\/wp-content\/uploads\/2018\/09\/P1010348.jpg\"><img decoding=\"async\" loading=\"lazy\" class=\"size-medium wp-image-832 alignleft\" src=\"https:\/\/megee.nu\/wp-content\/uploads\/2018\/09\/P1010348-300x225.jpg\" alt=\"\" width=\"300\" height=\"225\" srcset=\"https:\/\/megee.nu\/wp-content\/uploads\/2018\/09\/P1010348-300x225.jpg 300w, https:\/\/megee.nu\/wp-content\/uploads\/2018\/09\/P1010348-768x576.jpg 768w, https:\/\/megee.nu\/wp-content\/uploads\/2018\/09\/P1010348-1024x768.jpg 1024w, https:\/\/megee.nu\/wp-content\/uploads\/2018\/09\/P1010348-400x300.jpg 400w\" sizes=\"(max-width: 300px) 100vw, 300px\" \/><\/a><\/p>","protected":false},"excerpt":{"rendered":"<p>Jag har arbetat med batik i 40 \u00e5r. Batiken har varit en stor del av mitt liv. Med \u00e5lderns r\u00e4tt har jag nu lagt batikpenslarna \u00e5t sidan. Jag k\u00e4nde att nu var jag klar. H\u00e4r nedan finns n\u00e5gra bilder och &hellip; <a href=\"https:\/\/megee.nu\/?page_id=58\">L\u00e4s mer <span class=\"meta-nav\">&rarr;<\/span><\/a><\/p>\n","protected":false},"author":1,"featured_media":0,"parent":0,"menu_order":0,"comment_status":"closed","ping_status":"closed","template":"","meta":[],"_links":{"self":[{"href":"https:\/\/megee.nu\/index.php?rest_route=\/wp\/v2\/pages\/58"}],"collection":[{"href":"https:\/\/megee.nu\/index.php?rest_route=\/wp\/v2\/pages"}],"about":[{"href":"https:\/\/megee.nu\/index.php?rest_route=\/wp\/v2\/types\/page"}],"author":[{"embeddable":true,"href":"https:\/\/megee.nu\/index.php?rest_route=\/wp\/v2\/users\/1"}],"replies":[{"embeddable":true,"href":"https:\/\/megee.nu\/index.php?rest_route=%2Fwp%2Fv2%2Fcomments&post=58"}],"version-history":[{"count":10,"href":"https:\/\/megee.nu\/index.php?rest_route=\/wp\/v2\/pages\/58\/revisions"}],"predecessor-version":[{"id":1162,"href":"https:\/\/megee.nu\/index.php?rest_route=\/wp\/v2\/pages\/58\/revisions\/1162"}],"wp:attachment":[{"href":"https:\/\/megee.nu\/index.php?rest_route=%2Fwp%2Fv2%2Fmedia&parent=58"}],"curies":[{"name":"wp","href":"https:\/\/api.w.org\/{rel}","templated":true}]}}